{"id":615,"date":"2024-01-23T17:52:37","date_gmt":"2024-01-23T16:52:37","guid":{"rendered":"https:\/\/centroclio.unimi.it\/colloquia\/calendario\/"},"modified":"2026-04-03T07:08:07","modified_gmt":"2026-04-03T05:08:07","slug":"calendario","status":"publish","type":"page","link":"https:\/\/centroclio.unimi.it\/en\/colloquia\/calendario\/","title":{"rendered":"Calendar"},"content":{"rendered":"\n<p class=\"has-large-font-size\"><strong>Colloquia 2025-26<\/strong><\/p>\n\n\n\n<p class=\"has-large-font-size\"><strong>Imagines<\/strong><\/p>\n\n\n\n<div class=\"wp-block-media-text has-media-on-the-right is-stacked-on-mobile\"><div class=\"wp-block-media-text__content\">\n<p class=\"has-large-font-size\"><strong>Visual Culture in the Ancient World: History and Reception<\/strong><\/p>\n\n\n\n<p>At the heart of this seminar series  is an updated reflection both on the different ways in which Greco-Roman antiquity developed its visual culture in different eras, and on the influence that classical iconographic paradigms have exerted at numerous moments in European political and cultural history, right up to the present day.<\/p>\n\n\n\n<p><a href=\"https:\/\/docs.google.com\/viewer?url=https%3A%2F%2Fstudistorici.unimi.it%2Fsystem%2Ffiles%2F2025-09%2F2025-2026-CLIO_0.pdf\">Program<\/a><a href=\"https:\/\/studistorici.unimi.it\/system\/files\/2025-09\/2025-2026-CLIO_1.pdf\">me<\/a><\/p>\n\n\n\n<p>(Photo: Laocoonte, Musei Vaticani)<\/p>\n<\/div><figure class=\"wp-block-media-text__media\"><img loading=\"lazy\" decoding=\"async\" width=\"640\" height=\"681\" src=\"https:\/\/centroclio.unimi.it\/wp-content\/uploads\/sites\/95\/2025\/09\/2025-Laocoonte-1.jpg\" alt=\"\" class=\"wp-image-2397 size-full\" srcset=\"https:\/\/centroclio.unimi.it\/wp-content\/uploads\/sites\/95\/2025\/09\/2025-Laocoonte-1.jpg 640w, https:\/\/centroclio.unimi.it\/wp-content\/uploads\/sites\/95\/2025\/09\/2025-Laocoonte-1-564x600.jpg 564w\" sizes=\"(max-width: 640px) 100vw, 640px\" \/><\/figure><\/div>\n\n\n\n<p><\/p>\n\n\n\n<div class=\"wp-block-group\"><div class=\"wp-block-group__inner-container is-layout-constrained wp-block-group-is-layout-constrained\">\n<div class=\"wp-block-group has-medium-font-size\"><div class=\"wp-block-group__inner-container is-layout-constrained wp-block-group-is-layout-constrained\">\n<p><strong>Tuesday 30 September 2025, 16:30<\/strong><\/p>\n\n\n\n<p><a href=\"https:\/\/studistorici.unimi.it\/it\/eventi\/colloquia-clio-matthew-nicholls-public-libraries-ancient-rome-3d-reconstructions\">Matthew Nicholls (University of Oxford),&nbsp;<em>Public Libraries in Ancient Rome, with 3D Reconstructions<\/em><\/a><\/p>\n\n\n\n<div style=\"height:100px\" aria-hidden=\"true\" class=\"wp-block-spacer\"><\/div>\n<\/div><\/div>\n\n\n\n<div class=\"wp-block-group has-medium-font-size\"><div class=\"wp-block-group__inner-container is-layout-constrained wp-block-group-is-layout-constrained\">\n<p><strong>Tuesday 14 October 2025, 16:30<\/strong><\/p>\n\n\n\n<p><a href=\"https:\/\/studistorici.unimi.it\/it\/eventi\/colloquia-clio-christian-thomsen-city-made-manifest-women-and-visualisation-community-hellenistic-lindos\">Christian A. Thomsen (National Museum of Denmark),&nbsp;<em>The City Made Manifest: Women and the Visualisation of Community in Hellenistic Lindos<\/em><\/a><\/p>\n\n\n\n<div style=\"height:100px\" aria-hidden=\"true\" class=\"wp-block-spacer\"><\/div>\n<\/div><\/div>\n\n\n\n<div class=\"wp-block-group has-medium-font-size\"><div class=\"wp-block-group__inner-container is-layout-constrained wp-block-group-is-layout-constrained\">\n<p><strong>Thursday 30 October 2025, 16:30<\/strong><\/p>\n\n\n\n<p><a href=\"https:\/\/studistorici.unimi.it\/it\/eventi\/colloquia-clio-costanza-delia-warburg-e-lantico-sublime-cena-vs-pasto-feroce\">Costanza D\u2019Elia (Universit\u00e0 degli Studi di Cassino),&nbsp;<em>Warburg e l\u2019antico: sublime cena vs pasto feroce<\/em><\/a><\/p>\n\n\n\n<div style=\"height:100px\" aria-hidden=\"true\" class=\"wp-block-spacer\"><\/div>\n<\/div><\/div>\n\n\n\n<div class=\"wp-block-group has-medium-font-size\"><div class=\"wp-block-group__inner-container is-layout-constrained wp-block-group-is-layout-constrained\">\n<p><strong>Friday 14 novembre 2025, 8:30<\/strong><\/p>\n\n\n\n<div class=\"wp-block-group\"><div class=\"wp-block-group__inner-container is-layout-constrained wp-block-group-is-layout-constrained\">\n<p>Vittoria Camelliti (Universit\u00e0 degli Studi di Udine),&nbsp;<em>Immagini e memoria dell\u2019antico nei manoscritti miniati medievali<\/em><\/p>\n\n\n\n<div style=\"height:100px\" aria-hidden=\"true\" class=\"wp-block-spacer\"><\/div>\n<\/div><\/div>\n<\/div><\/div>\n\n\n\n<div class=\"wp-block-group has-medium-font-size\"><div class=\"wp-block-group__inner-container is-layout-constrained wp-block-group-is-layout-constrained\">\n<p><strong>Wednesday 11 March 2026, 16:30<\/strong><\/p>\n\n\n\n<p>Marietta Horster (Universit\u00e4t Mainz),&nbsp;<em>Remembering a Roman Life<\/em><\/p>\n\n\n\n<div style=\"height:100px\" aria-hidden=\"true\" class=\"wp-block-spacer\"><\/div>\n<\/div><\/div>\n\n\n\n<div class=\"wp-block-group has-medium-font-size\"><div class=\"wp-block-group__inner-container is-layout-constrained wp-block-group-is-layout-constrained\">\n<p><strong>Wednesday 18 March 2026, 16:30<\/strong><\/p>\n\n\n\n<p><a href=\"https:\/\/studistorici.unimi.it\/it\/eventi\/colloquia-clio-filippo-carla-uhink-iconografie-monetali-comunicazione-politica-e-legittimazione-imperiale-tra-il-iii-e-il-iv-secolo-dc\">Filippo Carl\u00e0-Uhink (Universit\u00e4t Potsdam),&nbsp;<em>Iconografie monetali, comunicazione politica e legittimazione imperiale tra il III e il IV secolo d.C. ovvero, dell\u2019assenza di grandi discontinuit\u00e0<\/em><\/a><\/p>\n\n\n\n<div style=\"height:100px\" aria-hidden=\"true\" class=\"wp-block-spacer\"><\/div>\n<\/div><\/div>\n\n\n\n<div class=\"wp-block-group has-medium-font-size\"><div class=\"wp-block-group__inner-container is-layout-constrained wp-block-group-is-layout-constrained\">\n<div class=\"wp-block-group\"><div class=\"wp-block-group__inner-container is-layout-constrained wp-block-group-is-layout-constrained\">\n<p><br><strong>Friday 17 April 2026, 14:30<\/strong><\/p>\n\n\n\n<p><a href=\"https:\/\/studistorici.unimi.it\/it\/eventi\/colloquia-clio-evanghelia-stead-iconography-daughter-sun-circe-dawn-dusk\">Evanghelia Stead (Universit\u00e9 Paris-Saclay),\u00a0<em>Iconography of a Daughter of the Sun: Circe from Dawn to Dusk<\/em><\/a><\/p>\n\n\n\n<div style=\"height:100px\" aria-hidden=\"true\" class=\"wp-block-spacer\"><\/div>\n<\/div><\/div>\n<\/div><\/div>\n\n\n\n<div class=\"wp-block-group has-medium-font-size\"><div class=\"wp-block-group__inner-container is-layout-constrained wp-block-group-is-layout-constrained\">\n<div class=\"wp-block-group\"><div class=\"wp-block-group__inner-container is-layout-constrained wp-block-group-is-layout-constrained\">\n<div class=\"wp-block-group\"><div class=\"wp-block-group__inner-container is-layout-constrained wp-block-group-is-layout-constrained\">\n<p><strong>Wednesday 22 April 2026, 16:30<\/strong><\/p>\n\n\n\n<p>Lucia Travaini (Universit\u00e0 degli Studi di Milano),&nbsp;<em>Bellissime e misteriose: monete greche \u2018trasformate\u2019 in reliquie nell\u2019Europa medievale e moderna<\/em><\/p>\n\n\n\n<div style=\"height:100px\" aria-hidden=\"true\" class=\"wp-block-spacer\"><\/div>\n<\/div><\/div>\n<\/div><\/div>\n<\/div><\/div>\n\n\n\n<div class=\"wp-block-group has-medium-font-size\"><div class=\"wp-block-group__inner-container is-layout-constrained wp-block-group-is-layout-constrained\">\n<div class=\"wp-block-group\"><div class=\"wp-block-group__inner-container is-layout-constrained wp-block-group-is-layout-constrained\">\n<p class=\"has-medium-font-size\"><br><strong>Tuesday, 5 May 2026, 10:30<\/strong><br>Maria Carmen De Vita (Universit\u00e0 degli Studi di Siena),&nbsp;<em>Symbola theon: ritratti imperiali e icone divine nella propaganda ellenica di Flavio Claudio Giuliano<\/em><\/p>\n<\/div><\/div>\n<\/div><\/div>\n<\/div><\/div>\n\n\n\n<div style=\"height:100px\" aria-hidden=\"true\" class=\"wp-block-spacer\"><\/div>\n\n\n\n<p><\/p>\n\n\n\n<p><\/p>\n\n\n\n<p class=\"has-xlarge-font-size\"><\/p>\n\n\n\n<p class=\"has-large-font-size\"><strong>Events archive<\/strong><\/p>\n\n\n\n<p class=\"has-medium-font-size\"><strong>Colloquia 2024-2025<\/strong><\/p>\n\n\n\n<div class=\"wp-block-media-text has-media-on-the-right is-stacked-on-mobile\" style=\"grid-template-columns:auto 40%\"><div class=\"wp-block-media-text__content\">\n<p class=\"has-large-font-size\"><strong>Imagines<\/strong><\/p>\n\n\n\n<p><strong>The Representation of Institutions in Europe from Antiquity to Today<\/strong><\/p>\n\n\n\n<p>Cycle of conferences aimed at reflecting on the modes and dynamics of the processes of use and reuse of images in different historical and communication contexts, from the moment of their production to that of their mediation and circulation.<\/p>\n\n\n\n<div style=\"height:0px\" aria-hidden=\"true\" class=\"wp-block-spacer\"><\/div>\n\n\n\n<p><a href=\"https:\/\/studistorici.unimi.it\/it\/colloquia-clio-2024-2025\">https:\/\/studistorici.unimi.it\/it\/colloquia-clio-2024-2025<\/a><\/p>\n\n\n\n<p><\/p>\n\n\n\n<p><\/p>\n<\/div><figure class=\"wp-block-media-text__media\"><img loading=\"lazy\" decoding=\"async\" width=\"1024\" height=\"590\" src=\"https:\/\/centroclio.unimi.it\/wp-content\/uploads\/sites\/95\/2024\/10\/Screenshot-2024-10-26-alle-13.15.50-1024x590.png\" alt=\"\" class=\"wp-image-2106 size-full\" srcset=\"https:\/\/centroclio.unimi.it\/wp-content\/uploads\/sites\/95\/2024\/10\/Screenshot-2024-10-26-alle-13.15.50-1024x590.png 1024w, https:\/\/centroclio.unimi.it\/wp-content\/uploads\/sites\/95\/2024\/10\/Screenshot-2024-10-26-alle-13.15.50-600x345.png 600w, https:\/\/centroclio.unimi.it\/wp-content\/uploads\/sites\/95\/2024\/10\/Screenshot-2024-10-26-alle-13.15.50-768x442.png 768w, https:\/\/centroclio.unimi.it\/wp-content\/uploads\/sites\/95\/2024\/10\/Screenshot-2024-10-26-alle-13.15.50-1536x884.png 1536w, https:\/\/centroclio.unimi.it\/wp-content\/uploads\/sites\/95\/2024\/10\/Screenshot-2024-10-26-alle-13.15.50.png 1754w\" sizes=\"(max-width: 1024px) 100vw, 1024px\" \/><\/figure><\/div>\n\n\n\n<p class=\"has-large-font-size\"><strong>Wednesday 25 September 2024<\/strong><\/p>\n\n\n\n<p><a href=\"https:\/\/studistorici.unimi.it\/it\/colloquia-clio-reflections-inseparability-institutions-and-visual-culture\"><strong>Ludmilla Jordanova <\/strong>(University of Durham), <em>Reflections on the Inseparability<\/em> <em>of Institutions and Visual Culture<\/em><\/a><\/p>\n\n\n\n<p class=\"has-large-font-size\"><strong>Tuesday 29 October 2024<\/strong><\/p>\n\n\n\n<p><a href=\"https:\/\/studistorici.unimi.it\/it\/colloquia-clio-rappresentare-il-potere-locale-i-nuovi-antichi-palazzi-municipali-dellitalia-centro-settentrionale-tra-otto-e-novecento\"><strong>Guido Zucconi<\/strong> (Universit\u00e0 Iuav di Venezia), <em>Rappresentare il potere locale: i nuovi-antichi palazzi municipali dell\u2019Italia<\/em> <em>centro-settentrionale tra Otto e Novecento<\/em><\/a><\/p>\n\n\n\n<p class=\"has-large-font-size\"><strong>Tuesday 19 November 2024<\/strong><\/p>\n\n\n\n<p><a href=\"https:\/\/studistorici.unimi.it\/it\/colloquia-clio-stemmi-di-citta-creare-modificare-offendere-limmagine-delle-istituzioni-civili-attraverso-laraldica-alla-fine-del-medioevo\"><strong>Matteo Ferrari<\/strong> (Universit\u00e9 de Namur), <em>Stemmi di citt\u00e0: creare, modificare,<\/em> <em>offendere l\u2019immagine delle istituzioni civili<\/em> <em>attraverso l\u2019araldica alla fine del Medioevo<\/em><\/a><\/p>\n\n\n\n<p class=\"has-large-font-size\"><strong>Tuesday 25 March 2025<\/strong><\/p>\n\n\n\n<p><a href=\"https:\/\/studistorici.unimi.it\/it\/colloquia-clio-visualising-democracy-classical-athens-cultural-history-democracy\"><strong>Carol Atack <\/strong>(University of Cambridge), <em>Visualising democracy in classical Athens:<\/em> <em>the cultural history of democracy<\/em><\/a><\/p>\n\n\n\n<p class=\"has-large-font-size\"><strong>Tuesday 8 April 2025<\/strong><\/p>\n\n\n\n<p><a href=\"https:\/\/studistorici.unimi.it\/it\/colloquia-clio-immagini-e-rappresentazioni-del-parlamento-italiano\"><strong>Fernando Venturini<\/strong> (Camera dei deputati), <em>Immagini e rappresentazioni<\/em> <em>del Parlamento italiano<\/em><\/a><\/p>\n\n\n\n<p class=\"has-large-font-size\"><strong>Thursday 8 May 2025<\/strong><\/p>\n\n\n\n<p><a href=\"https:\/\/studistorici.unimi.it\/it\/colloquia-clio-organizzare-il-sapere-rappresentare-il-potere-la-grande-galleria-di-carlo-emanuele-i-di-savoia\"><strong>Franca Varallo<\/strong> (Universit\u00e0 di Torino), <em>Organizzare il sapere per rappresentare<\/em> <em>il potere: la Grande Galleria di Carlo<\/em> <em>Emanuele I di Savoia<\/em><\/a><\/p>\n\n\n\n<p><\/p>\n\n\n\n<p class=\"has-large-font-size\"><\/p>\n\n\n\n<p class=\"has-large-font-size\"><strong>Colloquia 2023-2024<br><\/strong><\/p>\n\n\n\n<div class=\"wp-block-media-text has-media-on-the-right is-stacked-on-mobile\" style=\"grid-template-columns:auto 37%\"><div class=\"wp-block-media-text__content\">\n<p class=\"has-large-font-size\"><strong>Imagines<\/strong><\/p>\n\n\n\n<p><strong>Uses and reuses of visual material in Europe from antiquity to the present day<\/strong><\/p>\n\n\n\n<p><\/p>\n\n\n\n<p>As part of the excellence project of the Department of Historical Studies of the University of Milan&nbsp;<em>IMAGINeS: Images and History<\/em>, the Centre for visuaL hIstOry is organizing a series of colloquia to reflect on the patterns and dynamics of the processes of use and reuse of images in different historical and communicative contexts, with particular attention not only to the moment of their production, but also to that of their mediation and circulation.<\/p>\n\n\n\n<div class=\"wp-block-file\"><a id=\"wp-block-file--media-51dd03b5-517d-49e0-8a2b-5f2aeea860bb\" href=\"https:\/\/centroclio.unimi.it\/wp-content\/uploads\/sites\/95\/2024\/04\/2023-CLIO.pdf\">2023-CLIO<\/a><\/div>\n<\/div><figure class=\"wp-block-media-text__media\"><img loading=\"lazy\" decoding=\"async\" width=\"1024\" height=\"652\" src=\"https:\/\/centroclio.unimi.it\/wp-content\/uploads\/sites\/95\/2024\/02\/Screenshot-2024-02-27-alle-11.28.30-1-1024x652.png\" alt=\"\" class=\"wp-image-789 size-full\" srcset=\"https:\/\/centroclio.unimi.it\/wp-content\/uploads\/sites\/95\/2024\/02\/Screenshot-2024-02-27-alle-11.28.30-1-1024x652.png 1024w, https:\/\/centroclio.unimi.it\/wp-content\/uploads\/sites\/95\/2024\/02\/Screenshot-2024-02-27-alle-11.28.30-1-600x382.png 600w, https:\/\/centroclio.unimi.it\/wp-content\/uploads\/sites\/95\/2024\/02\/Screenshot-2024-02-27-alle-11.28.30-1-768x489.png 768w, https:\/\/centroclio.unimi.it\/wp-content\/uploads\/sites\/95\/2024\/02\/Screenshot-2024-02-27-alle-11.28.30-1-1536x978.png 1536w, https:\/\/centroclio.unimi.it\/wp-content\/uploads\/sites\/95\/2024\/02\/Screenshot-2024-02-27-alle-11.28.30-1.png 1558w\" sizes=\"(max-width: 1024px) 100vw, 1024px\" \/><\/figure><\/div>\n\n\n\n<p id=\"block-3663a957-d915-4840-aee3-20b9f6b10b33\"><strong>Tuesday 28 November 2023 ore 16:30<\/strong><\/p>\n\n\n\n<p id=\"block-f311e733-4871-4583-80ba-2b788d630dc2\">Claudio Fogu (University of Santa Barbara, CA), <em>Immagini e immaginari mediterranei nella storia d&#8217;Italia<\/em><\/p>\n\n\n\n<p id=\"block-7ebd356e-7867-4d26-9950-a85bd75d98ef\"><strong>Wednesday 24 January 2024 ore 16:30<\/strong><\/p>\n\n\n\n<p id=\"block-a5c14e58-43a1-4e2c-9d54-e9949119ad48\">Hannah Malone (University of Groningen, The Netherlands), <em>Immagini della Grande Guerra: usi e riusi dei sacrari militari italiani dal Fascismo alla Repubblica<\/em><\/p>\n\n\n\n<p id=\"block-9326bcf9-d62d-4036-9539-cebcbd83a98b\"><strong>Monday 26 February 2024 ore 14:30<\/strong><\/p>\n\n\n\n<p id=\"block-ca8087fc-cee8-4a35-997d-769d0f533299\">Sietske Fransen (Bibliotheca Hertziana &#8211; Max Planck Institute for Art History, Roma), <em>The re-use and copying of images in seventeenth-century microscopy<\/em><\/p>\n\n\n\n<p id=\"block-881aa38d-8a35-4adb-b4bf-4afd934a704b\"><strong>Monday 11 March 2024 ore 14:30<\/strong><\/p>\n\n\n\n<p id=\"block-d4571a46-68ab-455d-97fa-c2206bbe6208\">Maria Alessandra Panzanelli (Universit\u00e0 degli Studi di Torino), <em>Illustrazione e decorazione libraria tra Quattro e Cinquecento. Produzione originale, imitazione e riuso nelle edizioni perugine del primo periodo<\/em><\/p>\n\n\n\n<p id=\"block-fffb3b0e-86bb-4d95-a111-6ca985c0eead\"><strong>Tuesday 9 April 2024 ore 16:30<\/strong><\/p>\n\n\n\n<p id=\"block-a5b87188-c90b-4560-a2fd-cac02745f1d4\">Fabio Guidetti (Universit\u00e0 degli Studi di Napoli Federico II), <em>&#8220;Far vedere&#8221; il principe: Tessere iconografiche del ritratto imperiale (I secolo a.C.-IV secolo d.C.)<\/em><\/p>\n\n\n\n<p id=\"block-5c33b82d-6e0b-4b93-afd7-18d4f17e61c3\"><strong>Thursday 16 May 2024 ore 14:30<\/strong><\/p>\n\n\n\n<p id=\"block-82315d13-bb4d-4006-a0e3-1fc850237e32\">Elisabetta Fusar Poli (Universit\u00e0 degli Studi di Brescia) Stefano Gardini (Universit\u00e0 degli Studi di Genova), <em>Identit\u00e0, immagine, riuso. Percorsi di ricerca tra diritto e memoria<\/em><\/p>\n","protected":false},"excerpt":{"rendered":"<p>Colloquia 2025-26 Imagines Visual Culture in the Ancient World: History and Reception At the heart of this seminar series is an updated reflection both on the different ways in which Greco-Roman antiquity developed its visual culture in different eras, and on the influence that classical iconographic paradigms have exerted at numerous moments in European political [&hellip;]<\/p>\n","protected":false},"author":5,"featured_media":1625,"parent":611,"menu_order":20,"comment_status":"closed","ping_status":"closed","template":"","meta":{"_acf_changed":false,"footnotes":""},"class_list":["post-615","page","type-page","status-publish","has-post-thumbnail","hentry"],"acf":[],"_links":{"self":[{"href":"https:\/\/centroclio.unimi.it\/en\/wp-json\/wp\/v2\/pages\/615"}],"collection":[{"href":"https:\/\/centroclio.unimi.it\/en\/wp-json\/wp\/v2\/pages"}],"about":[{"href":"https:\/\/centroclio.unimi.it\/en\/wp-json\/wp\/v2\/types\/page"}],"author":[{"embeddable":true,"href":"https:\/\/centroclio.unimi.it\/en\/wp-json\/wp\/v2\/users\/5"}],"replies":[{"embeddable":true,"href":"https:\/\/centroclio.unimi.it\/en\/wp-json\/wp\/v2\/comments?post=615"}],"version-history":[{"count":40,"href":"https:\/\/centroclio.unimi.it\/en\/wp-json\/wp\/v2\/pages\/615\/revisions"}],"predecessor-version":[{"id":2665,"href":"https:\/\/centroclio.unimi.it\/en\/wp-json\/wp\/v2\/pages\/615\/revisions\/2665"}],"up":[{"embeddable":true,"href":"https:\/\/centroclio.unimi.it\/en\/wp-json\/wp\/v2\/pages\/611"}],"wp:featuredmedia":[{"embeddable":true,"href":"https:\/\/centroclio.unimi.it\/en\/wp-json\/wp\/v2\/media\/1625"}],"wp:attachment":[{"href":"https:\/\/centroclio.unimi.it\/en\/wp-json\/wp\/v2\/media?parent=615"}],"curies":[{"name":"wp","href":"https:\/\/api.w.org\/{rel}","templated":true}]}}